{"id":135,"date":"2025-06-20T14:48:33","date_gmt":"2025-06-20T14:48:33","guid":{"rendered":"https:\/\/jbv.lu\/privacy-policy\/"},"modified":"2025-08-06T06:10:53","modified_gmt":"2025-08-06T06:10:53","slug":"politique-de-confidentialite","status":"publish","type":"page","link":"https:\/\/jbv.lu\/fr\/privacy-policy\/","title":{"rendered":"Politique de confidentialit\u00e9"},"content":{"rendered":"<div data-elementor-type=\"wp-page\" data-elementor-id=\"135\" class=\"elementor elementor-135\" data-elementor-post-type=\"page\">\n\t\t\t\t<div class=\"elementor-element elementor-element-x37y36kz twbb_section e-flex e-con-boxed e-con e-parent\" data-id=\"x37y36kz\" data-element_type=\"container\" data-e-type=\"container\">\n\t\t\t\t\t<div class=\"e-con-inner\">\n\t\t\t\t<div class=\"elementor-element elementor-element-vfnhfsxb elementor-widget__width-initial elementor-widget-mobile__width-inherit elementor-widget-tablet__width-initial elementor-invisible elementor-widget elementor-widget-heading\" data-id=\"vfnhfsxb\" data-element_type=\"widget\" data-e-type=\"widget\" data-settings=\"{&quot;_animation&quot;:&quot;fadeInUp&quot;}\" data-widget_type=\"heading.default\">\n\t\t\t\t<div class=\"elementor-widget-container\">\n\t\t\t\t\t<h1 class=\"elementor-heading-title elementor-size-default\">Politique de confidentialit\u00e9<\/h1>\t\t\t\t<\/div>\n\t\t\t\t<\/div>\n\t\t\t\t\t<\/div>\n\t\t\t\t<\/div>\n\t\t<div class=\"elementor-element elementor-element-3sbdgzmr twbb_section e-flex e-con-boxed e-con e-parent\" data-id=\"3sbdgzmr\" data-element_type=\"container\" data-e-type=\"container\">\n\t\t\t\t\t<div class=\"e-con-inner\">\n\t\t\t\t<div class=\"elementor-element elementor-element-nj97by4c elementor-widget__width-initial elementor-widget-mobile__width-inherit elementor-widget-tablet__width-initial elementor-invisible elementor-widget elementor-widget-text-editor\" data-id=\"nj97by4c\" data-element_type=\"widget\" data-e-type=\"widget\" data-settings=\"{&quot;_animation&quot;:&quot;fadeInUp&quot;}\" data-widget_type=\"text-editor.default\">\n\t\t\t\t<div class=\"elementor-widget-container\">\n\t\t\t\t\t\t\t\t\t<p><b>Politique de confidentialit\u00e9 de JBV &amp; Partners<\/b><\/p><p><b>1. Introduction<\/b><\/p><p>La pr\u00e9sente politique de confidentialit\u00e9 d\u00e9crit la mani\u00e8re dont JBV &amp; Partners recueille, utilise et prot\u00e8ge vos informations personnelles. Nous nous engageons \u00e0 prot\u00e9ger votre vie priv\u00e9e et \u00e0 respecter toutes les lois applicables en mati\u00e8re de protection des donn\u00e9es.<\/p><p><b>2. Les informations que nous collectons<\/b><\/p><p>Nous pouvons recueillir des informations personnelles vous concernant, telles que votre nom, vos coordonn\u00e9es et des d\u00e9tails sur vos besoins juridiques. Ces informations peuvent \u00eatre collect\u00e9es par diff\u00e9rents moyens, notamment par le biais de formulaires de contact, de communications par courrier \u00e9lectronique et de consultations.<\/p><p><b>3. Comment nous utilisons vos informations<\/b><\/p><p>Nous utilisons vos informations personnelles pour vous fournir des services juridiques, r\u00e9pondre \u00e0 vos demandes et communiquer avec vous au sujet de votre affaire. Nous pouvons \u00e9galement utiliser vos informations \u00e0 des fins commerciales internes, telles que l'am\u00e9lioration de nos services et le marketing de notre cabinet.<\/p><p><b>4. Partage de l'information<\/b><\/p><p>Nous pouvons partager vos informations avec des prestataires de services tiers qui nous aident \u00e0 fournir nos services, tels que des agences d'assistance informatique et de marketing. Nous ne partagerons vos informations avec ces tiers que sur la base du besoin de savoir et conform\u00e9ment aux lois applicables en mati\u00e8re de protection des donn\u00e9es.<\/p><p><b>5. S\u00e9curit\u00e9 des donn\u00e9es<\/b><\/p><p>Nous mettons en \u0153uvre des mesures de s\u00e9curit\u00e9 appropri\u00e9es pour prot\u00e9ger vos informations personnelles contre tout acc\u00e8s, utilisation ou divulgation non autoris\u00e9s. Ces mesures comprennent le cryptage des donn\u00e9es et les contr\u00f4les d'acc\u00e8s.<\/p><p><b>6. Vos droits<\/b><\/p><p>Vous disposez d'un droit d'acc\u00e8s, de rectification et d'effacement de vos donn\u00e9es personnelles. Vous pouvez \u00e9galement vous opposer au traitement de vos informations dans certaines circonstances. Veuillez nous contacter si vous souhaitez exercer ces droits.<\/p><p><b>7. Nous contacter<\/b><\/p><p>Si vous avez des questions ou des pr\u00e9occupations concernant la pr\u00e9sente politique de confidentialit\u00e9, veuillez nous contacter \u00e0 l'adresse contact@jbv.lu ou au num\u00e9ro +352 27 22 55.<\/p>\t\t\t\t\t\t\t\t<\/div>\n\t\t\t\t<\/div>\n\t\t\t\t\t<\/div>\n\t\t\t\t<\/div>\n\t\t\t\t<\/div>","protected":false},"excerpt":{"rendered":"<p>Privacy Policy JBV &amp; Partners Privacy Policy 1. Introduction This Privacy Policy describes how JBV &amp; Partners collects, uses, and protects your personal information. We are committed to protecting your privacy and complying with all applicable data protection laws. 2. Information We Collect We may collect personal information from you, such as your name, contact [&hellip;]<\/p>\n","protected":false},"author":0,"featured_media":0,"parent":0,"menu_order":0,"comment_status":"closed","ping_status":"publish","template":"","meta":{"two_page_speed":[],"footnotes":""},"class_list":["post-135","page","type-page","status-publish","hentry"],"yoast_head":"<!-- This site is optimized with the Yoast SEO Premium plugin v27.1 (Yoast SEO v27.5) - https:\/\/yoast.com\/product\/yoast-seo-premium-wordpress\/ -->\n<title>Privacy Policy - JBV &amp; Partners: Legal Expertise for a Changing World<\/title>\n<meta name=\"robots\" content=\"index, follow, max-snippet:-1, max-image-preview:large, max-video-preview:-1\" \/>\n<link rel=\"canonical\" href=\"https:\/\/jbv.lu\/fr\/politique-de-confidentialite\/\" \/>\n<meta property=\"og:locale\" content=\"fr_FR\" \/>\n<meta property=\"og:type\" content=\"article\" \/>\n<meta property=\"og:title\" content=\"Privacy Policy\" \/>\n<meta property=\"og:description\" content=\"Privacy Policy JBV &amp; Partners Privacy Policy 1. Introduction This Privacy Policy describes how JBV &amp; Partners collects, uses, and protects your personal information. We are committed to protecting your privacy and complying with all applicable data protection laws. 2. Information We Collect We may collect personal information from you, such as your name, contact [&hellip;]\" \/>\n<meta property=\"og:url\" content=\"https:\/\/jbv.lu\/fr\/politique-de-confidentialite\/\" \/>\n<meta property=\"og:site_name\" content=\"JBV &amp; Partners: Legal Expertise for a Changing World\" \/>\n<meta property=\"article:modified_time\" content=\"2025-08-06T06:10:53+00:00\" \/>\n<meta name=\"twitter:card\" content=\"summary_large_image\" \/>\n<meta name=\"twitter:label1\" content=\"Dur\u00e9e de lecture estim\u00e9e\" \/>\n\t<meta name=\"twitter:data1\" content=\"3 minutes\" \/>\n<script type=\"application\/ld+json\" class=\"yoast-schema-graph\">{\"@context\":\"https:\\\/\\\/schema.org\",\"@graph\":[{\"@type\":\"WebPage\",\"@id\":\"https:\\\/\\\/jbv.lu\\\/privacy-policy\\\/\",\"url\":\"https:\\\/\\\/jbv.lu\\\/privacy-policy\\\/\",\"name\":\"Privacy Policy - JBV &amp; Partners: Legal Expertise for a Changing World\",\"isPartOf\":{\"@id\":\"https:\\\/\\\/jbv.lu\\\/#website\"},\"datePublished\":\"2025-06-20T14:48:33+00:00\",\"dateModified\":\"2025-08-06T06:10:53+00:00\",\"breadcrumb\":{\"@id\":\"https:\\\/\\\/jbv.lu\\\/privacy-policy\\\/#breadcrumb\"},\"inLanguage\":\"fr-FR\",\"potentialAction\":[{\"@type\":\"ReadAction\",\"target\":[\"https:\\\/\\\/jbv.lu\\\/privacy-policy\\\/\"]}]},{\"@type\":\"BreadcrumbList\",\"@id\":\"https:\\\/\\\/jbv.lu\\\/privacy-policy\\\/#breadcrumb\",\"itemListElement\":[{\"@type\":\"ListItem\",\"position\":1,\"name\":\"Home\",\"item\":\"https:\\\/\\\/jbv.lu\\\/\"},{\"@type\":\"ListItem\",\"position\":2,\"name\":\"Privacy Policy\"}]},{\"@type\":\"WebSite\",\"@id\":\"https:\\\/\\\/jbv.lu\\\/#website\",\"url\":\"https:\\\/\\\/jbv.lu\\\/\",\"name\":\"JBV & Partners: Legal Expertise for a Changing World\",\"description\":\"Comprehensive Legal Support Across Luxembourg for Businesses and Individuals\",\"publisher\":{\"@id\":\"https:\\\/\\\/jbv.lu\\\/#organization\"},\"alternateName\":\"JBV & Partners \u2013 Trusted Luxembourg Lawyers\",\"potentialAction\":[{\"@type\":\"SearchAction\",\"target\":{\"@type\":\"EntryPoint\",\"urlTemplate\":\"https:\\\/\\\/jbv.lu\\\/?s={search_term_string}\"},\"query-input\":{\"@type\":\"PropertyValueSpecification\",\"valueRequired\":true,\"valueName\":\"search_term_string\"}}],\"inLanguage\":\"fr-FR\"},{\"@type\":\"Organization\",\"@id\":\"https:\\\/\\\/jbv.lu\\\/#organization\",\"name\":\"JBV & Partners: Legal Expertise for a Changing World\",\"url\":\"https:\\\/\\\/jbv.lu\\\/\",\"logo\":{\"@type\":\"ImageObject\",\"inLanguage\":\"fr-FR\",\"@id\":\"https:\\\/\\\/jbv.lu\\\/#\\\/schema\\\/logo\\\/image\\\/\",\"url\":\"https:\\\/\\\/jbv.lu\\\/wp-content\\\/uploads\\\/2025\\\/06\\\/JBV-partners_logo-final-bleu_arriere-plan-transparent.png\",\"contentUrl\":\"https:\\\/\\\/jbv.lu\\\/wp-content\\\/uploads\\\/2025\\\/06\\\/JBV-partners_logo-final-bleu_arriere-plan-transparent.png\",\"width\":1563,\"height\":1563,\"caption\":\"JBV & Partners: Legal Expertise for a Changing World\"},\"image\":{\"@id\":\"https:\\\/\\\/jbv.lu\\\/#\\\/schema\\\/logo\\\/image\\\/\"},\"sameAs\":[\"https:\\\/\\\/www.linkedin.com\\\/company\\\/108290186\"]}]}<\/script>\n<!-- \/ Yoast SEO Premium plugin. -->","yoast_head_json":{"title":"Politique de confidentialit\u00e9 - JBV &amp; Partners : Expertise juridique pour un monde en mutation","robots":{"index":"index","follow":"follow","max-snippet":"max-snippet:-1","max-image-preview":"max-image-preview:large","max-video-preview":"max-video-preview:-1"},"canonical":"https:\/\/jbv.lu\/fr\/politique-de-confidentialite\/","og_locale":"fr_FR","og_type":"article","og_title":"Privacy Policy","og_description":"Privacy Policy JBV &amp; Partners Privacy Policy 1. Introduction This Privacy Policy describes how JBV &amp; Partners collects, uses, and protects your personal information. We are committed to protecting your privacy and complying with all applicable data protection laws. 2. Information We Collect We may collect personal information from you, such as your name, contact [&hellip;]","og_url":"https:\/\/jbv.lu\/fr\/politique-de-confidentialite\/","og_site_name":"JBV &amp; Partners: Legal Expertise for a Changing World","article_modified_time":"2025-08-06T06:10:53+00:00","twitter_card":"summary_large_image","twitter_misc":{"Dur\u00e9e de lecture estim\u00e9e":"3 minutes"},"schema":{"@context":"https:\/\/schema.org","@graph":[{"@type":"WebPage","@id":"https:\/\/jbv.lu\/privacy-policy\/","url":"https:\/\/jbv.lu\/privacy-policy\/","name":"Politique de confidentialit\u00e9 - JBV &amp; Partners : Expertise juridique pour un monde en mutation","isPartOf":{"@id":"https:\/\/jbv.lu\/#website"},"datePublished":"2025-06-20T14:48:33+00:00","dateModified":"2025-08-06T06:10:53+00:00","breadcrumb":{"@id":"https:\/\/jbv.lu\/privacy-policy\/#breadcrumb"},"inLanguage":"fr-FR","potentialAction":[{"@type":"ReadAction","target":["https:\/\/jbv.lu\/privacy-policy\/"]}]},{"@type":"BreadcrumbList","@id":"https:\/\/jbv.lu\/privacy-policy\/#breadcrumb","itemListElement":[{"@type":"ListItem","position":1,"name":"Home","item":"https:\/\/jbv.lu\/"},{"@type":"ListItem","position":2,"name":"Privacy Policy"}]},{"@type":"WebSite","@id":"https:\/\/jbv.lu\/#website","url":"https:\/\/jbv.lu\/","name":"JBV &amp; Partners : Une expertise juridique pour un monde en mutation","description":"Une assistance juridique compl\u00e8te dans tout le Luxembourg pour les entreprises et les particuliers","publisher":{"@id":"https:\/\/jbv.lu\/#organization"},"alternateName":"JBV & Partners \u2013 Trusted Luxembourg Lawyers","potentialAction":[{"@type":"SearchAction","target":{"@type":"EntryPoint","urlTemplate":"https:\/\/jbv.lu\/?s={search_term_string}"},"query-input":{"@type":"PropertyValueSpecification","valueRequired":true,"valueName":"search_term_string"}}],"inLanguage":"fr-FR"},{"@type":"Organization","@id":"https:\/\/jbv.lu\/#organization","name":"JBV &amp; Partners : Une expertise juridique pour un monde en mutation","url":"https:\/\/jbv.lu\/","logo":{"@type":"ImageObject","inLanguage":"fr-FR","@id":"https:\/\/jbv.lu\/#\/schema\/logo\/image\/","url":"https:\/\/jbv.lu\/wp-content\/uploads\/2025\/06\/JBV-partners_logo-final-bleu_arriere-plan-transparent.png","contentUrl":"https:\/\/jbv.lu\/wp-content\/uploads\/2025\/06\/JBV-partners_logo-final-bleu_arriere-plan-transparent.png","width":1563,"height":1563,"caption":"JBV & Partners: Legal Expertise for a Changing World"},"image":{"@id":"https:\/\/jbv.lu\/#\/schema\/logo\/image\/"},"sameAs":["https:\/\/www.linkedin.com\/company\/108290186"]}]}},"_links":{"self":[{"href":"https:\/\/jbv.lu\/fr\/wp-json\/wp\/v2\/pages\/135","targetHints":{"allow":["GET"]}}],"collection":[{"href":"https:\/\/jbv.lu\/fr\/wp-json\/wp\/v2\/pages"}],"about":[{"href":"https:\/\/jbv.lu\/fr\/wp-json\/wp\/v2\/types\/page"}],"replies":[{"embeddable":true,"href":"https:\/\/jbv.lu\/fr\/wp-json\/wp\/v2\/comments?post=135"}],"version-history":[{"count":0,"href":"https:\/\/jbv.lu\/fr\/wp-json\/wp\/v2\/pages\/135\/revisions"}],"wp:attachment":[{"href":"https:\/\/jbv.lu\/fr\/wp-json\/wp\/v2\/media?parent=135"}],"curies":[{"name":"wp","href":"https:\/\/api.w.org\/{rel}","templated":true}]}}