{"id":134,"date":"2025-06-20T14:48:33","date_gmt":"2025-06-20T14:48:33","guid":{"rendered":"https:\/\/jbv.lu\/terms-and-conditions\/"},"modified":"2026-02-25T17:35:01","modified_gmt":"2026-02-25T17:35:01","slug":"conditions-generales","status":"publish","type":"page","link":"https:\/\/jbv.lu\/fr\/terms-and-conditions\/","title":{"rendered":"Conditions g\u00e9n\u00e9rales d'utilisation"},"content":{"rendered":"<div data-elementor-type=\"wp-page\" data-elementor-id=\"134\" class=\"elementor elementor-134\" data-elementor-post-type=\"page\">\n\t\t\t\t<div class=\"elementor-element elementor-element-kdatzigf twbb_section e-flex e-con-boxed e-con e-parent\" data-id=\"kdatzigf\" data-element_type=\"container\" data-e-type=\"container\">\n\t\t\t\t\t<div class=\"e-con-inner\">\n\t\t\t\t<div class=\"elementor-element elementor-element-kduzj4i6 elementor-widget__width-initial elementor-widget-mobile__width-inherit elementor-widget-tablet__width-initial elementor-invisible elementor-widget elementor-widget-heading\" data-id=\"kduzj4i6\" data-element_type=\"widget\" data-e-type=\"widget\" data-settings=\"{&quot;_animation&quot;:&quot;fadeInUp&quot;}\" data-widget_type=\"heading.default\">\n\t\t\t\t<div class=\"elementor-widget-container\">\n\t\t\t\t\t<h1 class=\"elementor-heading-title elementor-size-default\">Conditions g\u00e9n\u00e9rales d'utilisation<\/h1>\t\t\t\t<\/div>\n\t\t\t\t<\/div>\n\t\t\t\t\t<\/div>\n\t\t\t\t<\/div>\n\t\t<div class=\"elementor-element elementor-element-mms6cen4 twbb_section e-flex e-con-boxed e-con e-parent\" data-id=\"mms6cen4\" data-element_type=\"container\" data-e-type=\"container\">\n\t\t\t\t\t<div class=\"e-con-inner\">\n\t\t\t\t<div class=\"elementor-element elementor-element-0h6defp8 elementor-widget__width-initial elementor-widget-mobile__width-inherit elementor-widget-tablet__width-initial elementor-invisible elementor-widget elementor-widget-text-editor\" data-id=\"0h6defp8\" data-element_type=\"widget\" data-e-type=\"widget\" data-settings=\"{&quot;_animation&quot;:&quot;fadeInUp&quot;}\" data-widget_type=\"text-editor.default\">\n\t\t\t\t<div class=\"elementor-widget-container\">\n\t\t\t\t\t\t\t\t\t<p><b>Conditions g\u00e9n\u00e9rales de la JBCV<\/b><\/p><p><b>1. Acceptation des conditions<\/b><\/p><p>En acc\u00e9dant ou en utilisant toute partie du site web JBCV, vous acceptez d'\u00eatre li\u00e9 par les pr\u00e9sentes conditions g\u00e9n\u00e9rales. Si vous n'acceptez pas ces conditions, veuillez ne pas utiliser notre site web.<\/p><p><b>2. Utilisation du site web<\/b><\/p><p>Vous ne pouvez utiliser le site web JBCV qu'\u00e0 des fins l\u00e9gales. Vous acceptez de ne pas utiliser le site web d'une mani\u00e8re susceptible d'endommager, de d\u00e9sactiver, de surcharger ou d'alt\u00e9rer le site web ou d'interf\u00e9rer avec l'acc\u00e8s d'autres utilisateurs au site web.<\/p><p><b>3. Propri\u00e9t\u00e9 intellectuelle<\/b><\/p><p>Tout le contenu du site Web de JBCV, y compris les textes, les graphiques, les logos et les images, est la propri\u00e9t\u00e9 de JBCV ou de ses conc\u00e9dants de licence. Vous ne pouvez pas reproduire, distribuer, modifier ou cr\u00e9er des \u0153uvres d\u00e9riv\u00e9es de ce contenu sans l'accord \u00e9crit pr\u00e9alable de JBCV.<\/p><p><b>4. Exclusion de garantie<\/b><\/p><p>Les informations fournies sur le site web du JBCV le sont \u00e0 titre d'information g\u00e9n\u00e9rale uniquement et ne constituent pas un avis juridique. Nous ne faisons aucune d\u00e9claration ni ne donnons aucune garantie, expresse ou implicite, quant \u00e0 l'exhaustivit\u00e9, l'exactitude, la fiabilit\u00e9, l'ad\u00e9quation ou la disponibilit\u00e9 du site web ou des informations, produits, services ou graphiques connexes contenus sur le site web \u00e0 quelque fin que ce soit. La confiance que vous accordez \u00e0 ces informations est strictement \u00e0 vos risques et p\u00e9rils.<\/p><p><b>5. Limitation de la responsabilit\u00e9<\/b><\/p><p>En aucun cas JBCV ne sera responsable des dommages (y compris, sans limitation, les dommages pour perte de donn\u00e9es ou de b\u00e9n\u00e9fices, ou pour interruption d'activit\u00e9) r\u00e9sultant de l'utilisation ou de l'impossibilit\u00e9 d'utiliser le site web, m\u00eame si JBCV a \u00e9t\u00e9 inform\u00e9 de la possibilit\u00e9 de tels dommages.<\/p><p><b>6. Droit applicable<\/b><\/p><p>Les pr\u00e9sentes conditions g\u00e9n\u00e9rales sont r\u00e9gies et interpr\u00e9t\u00e9es conform\u00e9ment au droit luxembourgeois.<\/p><p><b>7. Modifications des conditions<\/b><\/p><p>JBCV se r\u00e9serve le droit de modifier les pr\u00e9sentes conditions g\u00e9n\u00e9rales \u00e0 tout moment. Toute modification entrera en vigueur imm\u00e9diatement apr\u00e8s la publication des conditions g\u00e9n\u00e9rales r\u00e9vis\u00e9es sur le site web.<\/p><p><b>8. Nous contacter<\/b><\/p><p>Si vous avez des questions ou des pr\u00e9occupations concernant les pr\u00e9sentes conditions g\u00e9n\u00e9rales, veuillez nous contacter \u00e0 l'adresse contact@jbcv.lu ou au num\u00e9ro +352 27 22 55.<\/p>\t\t\t\t\t\t\t\t<\/div>\n\t\t\t\t<\/div>\n\t\t\t\t\t<\/div>\n\t\t\t\t<\/div>\n\t\t\t\t<\/div>","protected":false},"excerpt":{"rendered":"<p>Terms and Conditions JBCV Terms and Conditions 1. Acceptance of Terms By accessing or using any part of the JBCV website, you agree to be bound by these Terms and Conditions. If you do not agree to these terms, please do not use our website. 2. Use of Website You may use the JBCV website [&hellip;]<\/p>\n","protected":false},"author":0,"featured_media":0,"parent":0,"menu_order":0,"comment_status":"closed","ping_status":"publish","template":"","meta":{"two_page_speed":[],"footnotes":""},"class_list":["post-134","page","type-page","status-publish","hentry"],"yoast_head":"<!-- This site is optimized with the Yoast SEO Premium plugin v27.1 (Yoast SEO v27.5) - https:\/\/yoast.com\/product\/yoast-seo-premium-wordpress\/ -->\n<title>Terms and Conditions - JBV &amp; Partners: Legal Expertise for a Changing World<\/title>\n<meta name=\"robots\" content=\"index, follow, max-snippet:-1, max-image-preview:large, max-video-preview:-1\" \/>\n<link rel=\"canonical\" href=\"https:\/\/jbv.lu\/fr\/conditions-generales\/\" \/>\n<meta property=\"og:locale\" content=\"fr_FR\" \/>\n<meta property=\"og:type\" content=\"article\" \/>\n<meta property=\"og:title\" content=\"Terms and Conditions\" \/>\n<meta property=\"og:description\" content=\"Terms and Conditions JBCV Terms and Conditions 1. Acceptance of Terms By accessing or using any part of the JBCV website, you agree to be bound by these Terms and Conditions. If you do not agree to these terms, please do not use our website. 2. Use of Website You may use the JBCV website [&hellip;]\" \/>\n<meta property=\"og:url\" content=\"https:\/\/jbv.lu\/fr\/conditions-generales\/\" \/>\n<meta property=\"og:site_name\" content=\"JBV &amp; Partners: Legal Expertise for a Changing World\" \/>\n<meta property=\"article:modified_time\" content=\"2026-02-25T17:35:01+00:00\" \/>\n<meta name=\"twitter:card\" content=\"summary_large_image\" \/>\n<meta name=\"twitter:label1\" content=\"Dur\u00e9e de lecture estim\u00e9e\" \/>\n\t<meta name=\"twitter:data1\" content=\"3 minutes\" \/>\n<script type=\"application\/ld+json\" class=\"yoast-schema-graph\">{\"@context\":\"https:\\\/\\\/schema.org\",\"@graph\":[{\"@type\":\"WebPage\",\"@id\":\"https:\\\/\\\/jbv.lu\\\/terms-and-conditions\\\/\",\"url\":\"https:\\\/\\\/jbv.lu\\\/terms-and-conditions\\\/\",\"name\":\"Terms and Conditions - JBV &amp; Partners: Legal Expertise for a Changing World\",\"isPartOf\":{\"@id\":\"https:\\\/\\\/jbv.lu\\\/#website\"},\"datePublished\":\"2025-06-20T14:48:33+00:00\",\"dateModified\":\"2026-02-25T17:35:01+00:00\",\"breadcrumb\":{\"@id\":\"https:\\\/\\\/jbv.lu\\\/terms-and-conditions\\\/#breadcrumb\"},\"inLanguage\":\"fr-FR\",\"potentialAction\":[{\"@type\":\"ReadAction\",\"target\":[\"https:\\\/\\\/jbv.lu\\\/terms-and-conditions\\\/\"]}]},{\"@type\":\"BreadcrumbList\",\"@id\":\"https:\\\/\\\/jbv.lu\\\/terms-and-conditions\\\/#breadcrumb\",\"itemListElement\":[{\"@type\":\"ListItem\",\"position\":1,\"name\":\"Home\",\"item\":\"https:\\\/\\\/jbv.lu\\\/\"},{\"@type\":\"ListItem\",\"position\":2,\"name\":\"Terms and Conditions\"}]},{\"@type\":\"WebSite\",\"@id\":\"https:\\\/\\\/jbv.lu\\\/#website\",\"url\":\"https:\\\/\\\/jbv.lu\\\/\",\"name\":\"JBV & Partners: Legal Expertise for a Changing World\",\"description\":\"Comprehensive Legal Support Across Luxembourg for Businesses and Individuals\",\"publisher\":{\"@id\":\"https:\\\/\\\/jbv.lu\\\/#organization\"},\"alternateName\":\"JBV & Partners \u2013 Trusted Luxembourg Lawyers\",\"potentialAction\":[{\"@type\":\"SearchAction\",\"target\":{\"@type\":\"EntryPoint\",\"urlTemplate\":\"https:\\\/\\\/jbv.lu\\\/?s={search_term_string}\"},\"query-input\":{\"@type\":\"PropertyValueSpecification\",\"valueRequired\":true,\"valueName\":\"search_term_string\"}}],\"inLanguage\":\"fr-FR\"},{\"@type\":\"Organization\",\"@id\":\"https:\\\/\\\/jbv.lu\\\/#organization\",\"name\":\"JBV & Partners: Legal Expertise for a Changing World\",\"url\":\"https:\\\/\\\/jbv.lu\\\/\",\"logo\":{\"@type\":\"ImageObject\",\"inLanguage\":\"fr-FR\",\"@id\":\"https:\\\/\\\/jbv.lu\\\/#\\\/schema\\\/logo\\\/image\\\/\",\"url\":\"https:\\\/\\\/jbv.lu\\\/wp-content\\\/uploads\\\/2025\\\/06\\\/JBV-partners_logo-final-bleu_arriere-plan-transparent.png\",\"contentUrl\":\"https:\\\/\\\/jbv.lu\\\/wp-content\\\/uploads\\\/2025\\\/06\\\/JBV-partners_logo-final-bleu_arriere-plan-transparent.png\",\"width\":1563,\"height\":1563,\"caption\":\"JBV & Partners: Legal Expertise for a Changing World\"},\"image\":{\"@id\":\"https:\\\/\\\/jbv.lu\\\/#\\\/schema\\\/logo\\\/image\\\/\"},\"sameAs\":[\"https:\\\/\\\/www.linkedin.com\\\/company\\\/108290186\"]}]}<\/script>\n<!-- \/ Yoast SEO Premium plugin. -->","yoast_head_json":{"title":"Conditions g\u00e9n\u00e9rales - JBV &amp; Partners : Expertise juridique pour un monde en mutation","robots":{"index":"index","follow":"follow","max-snippet":"max-snippet:-1","max-image-preview":"max-image-preview:large","max-video-preview":"max-video-preview:-1"},"canonical":"https:\/\/jbv.lu\/fr\/conditions-generales\/","og_locale":"fr_FR","og_type":"article","og_title":"Terms and Conditions","og_description":"Terms and Conditions JBCV Terms and Conditions 1. Acceptance of Terms By accessing or using any part of the JBCV website, you agree to be bound by these Terms and Conditions. If you do not agree to these terms, please do not use our website. 2. Use of Website You may use the JBCV website [&hellip;]","og_url":"https:\/\/jbv.lu\/fr\/conditions-generales\/","og_site_name":"JBV &amp; Partners: Legal Expertise for a Changing World","article_modified_time":"2026-02-25T17:35:01+00:00","twitter_card":"summary_large_image","twitter_misc":{"Dur\u00e9e de lecture estim\u00e9e":"3 minutes"},"schema":{"@context":"https:\/\/schema.org","@graph":[{"@type":"WebPage","@id":"https:\/\/jbv.lu\/terms-and-conditions\/","url":"https:\/\/jbv.lu\/terms-and-conditions\/","name":"Conditions g\u00e9n\u00e9rales - JBV &amp; Partners : Expertise juridique pour un monde en mutation","isPartOf":{"@id":"https:\/\/jbv.lu\/#website"},"datePublished":"2025-06-20T14:48:33+00:00","dateModified":"2026-02-25T17:35:01+00:00","breadcrumb":{"@id":"https:\/\/jbv.lu\/terms-and-conditions\/#breadcrumb"},"inLanguage":"fr-FR","potentialAction":[{"@type":"ReadAction","target":["https:\/\/jbv.lu\/terms-and-conditions\/"]}]},{"@type":"BreadcrumbList","@id":"https:\/\/jbv.lu\/terms-and-conditions\/#breadcrumb","itemListElement":[{"@type":"ListItem","position":1,"name":"Home","item":"https:\/\/jbv.lu\/"},{"@type":"ListItem","position":2,"name":"Terms and Conditions"}]},{"@type":"WebSite","@id":"https:\/\/jbv.lu\/#website","url":"https:\/\/jbv.lu\/","name":"JBV &amp; Partners : Une expertise juridique pour un monde en mutation","description":"Une assistance juridique compl\u00e8te dans tout le Luxembourg pour les entreprises et les particuliers","publisher":{"@id":"https:\/\/jbv.lu\/#organization"},"alternateName":"JBV & Partners \u2013 Trusted Luxembourg Lawyers","potentialAction":[{"@type":"SearchAction","target":{"@type":"EntryPoint","urlTemplate":"https:\/\/jbv.lu\/?s={search_term_string}"},"query-input":{"@type":"PropertyValueSpecification","valueRequired":true,"valueName":"search_term_string"}}],"inLanguage":"fr-FR"},{"@type":"Organization","@id":"https:\/\/jbv.lu\/#organization","name":"JBV &amp; Partners : Une expertise juridique pour un monde en mutation","url":"https:\/\/jbv.lu\/","logo":{"@type":"ImageObject","inLanguage":"fr-FR","@id":"https:\/\/jbv.lu\/#\/schema\/logo\/image\/","url":"https:\/\/jbv.lu\/wp-content\/uploads\/2025\/06\/JBV-partners_logo-final-bleu_arriere-plan-transparent.png","contentUrl":"https:\/\/jbv.lu\/wp-content\/uploads\/2025\/06\/JBV-partners_logo-final-bleu_arriere-plan-transparent.png","width":1563,"height":1563,"caption":"JBV & Partners: Legal Expertise for a Changing World"},"image":{"@id":"https:\/\/jbv.lu\/#\/schema\/logo\/image\/"},"sameAs":["https:\/\/www.linkedin.com\/company\/108290186"]}]}},"_links":{"self":[{"href":"https:\/\/jbv.lu\/fr\/wp-json\/wp\/v2\/pages\/134","targetHints":{"allow":["GET"]}}],"collection":[{"href":"https:\/\/jbv.lu\/fr\/wp-json\/wp\/v2\/pages"}],"about":[{"href":"https:\/\/jbv.lu\/fr\/wp-json\/wp\/v2\/types\/page"}],"replies":[{"embeddable":true,"href":"https:\/\/jbv.lu\/fr\/wp-json\/wp\/v2\/comments?post=134"}],"version-history":[{"count":0,"href":"https:\/\/jbv.lu\/fr\/wp-json\/wp\/v2\/pages\/134\/revisions"}],"wp:attachment":[{"href":"https:\/\/jbv.lu\/fr\/wp-json\/wp\/v2\/media?parent=134"}],"curies":[{"name":"wp","href":"https:\/\/api.w.org\/{rel}","templated":true}]}}