{"id":134,"date":"2025-06-20T14:48:33","date_gmt":"2025-06-20T14:48:33","guid":{"rendered":"https:\/\/jbv.lu\/terms-and-conditions\/"},"modified":"2026-02-25T17:35:01","modified_gmt":"2026-02-25T17:35:01","slug":"bedingungen-und-konditionen","status":"publish","type":"page","link":"https:\/\/jbv.lu\/de\/terms-and-conditions\/","title":{"rendered":"Bedingungen und Konditionen"},"content":{"rendered":"<div data-elementor-type=\"wp-page\" data-elementor-id=\"134\" class=\"elementor elementor-134\" data-elementor-post-type=\"page\">\n\t\t\t\t<div class=\"elementor-element elementor-element-kdatzigf twbb_section e-flex e-con-boxed e-con e-parent\" data-id=\"kdatzigf\" data-element_type=\"container\" data-e-type=\"container\">\n\t\t\t\t\t<div class=\"e-con-inner\">\n\t\t\t\t<div class=\"elementor-element elementor-element-kduzj4i6 elementor-widget__width-initial elementor-widget-mobile__width-inherit elementor-widget-tablet__width-initial elementor-invisible elementor-widget elementor-widget-heading\" data-id=\"kduzj4i6\" data-element_type=\"widget\" data-e-type=\"widget\" data-settings=\"{&quot;_animation&quot;:&quot;fadeInUp&quot;}\" data-widget_type=\"heading.default\">\n\t\t\t\t<div class=\"elementor-widget-container\">\n\t\t\t\t\t<h1 class=\"elementor-heading-title elementor-size-default\">Bedingungen und Konditionen<\/h1>\t\t\t\t<\/div>\n\t\t\t\t<\/div>\n\t\t\t\t\t<\/div>\n\t\t\t\t<\/div>\n\t\t<div class=\"elementor-element elementor-element-mms6cen4 twbb_section e-flex e-con-boxed e-con e-parent\" data-id=\"mms6cen4\" data-element_type=\"container\" data-e-type=\"container\">\n\t\t\t\t\t<div class=\"e-con-inner\">\n\t\t\t\t<div class=\"elementor-element elementor-element-0h6defp8 elementor-widget__width-initial elementor-widget-mobile__width-inherit elementor-widget-tablet__width-initial elementor-invisible elementor-widget elementor-widget-text-editor\" data-id=\"0h6defp8\" data-element_type=\"widget\" data-e-type=\"widget\" data-settings=\"{&quot;_animation&quot;:&quot;fadeInUp&quot;}\" data-widget_type=\"text-editor.default\">\n\t\t\t\t<div class=\"elementor-widget-container\">\n\t\t\t\t\t\t\t\t\t<p><b>JBCV Bedingungen und Konditionen<\/b><\/p><p><b>1. Akzeptanz der Bedingungen<\/b><\/p><p>Durch den Zugriff auf die JBCV-Website oder die Nutzung eines Teils davon erkl\u00e4ren Sie sich mit diesen Bedingungen einverstanden. Wenn Sie mit diesen Bedingungen nicht einverstanden sind, nutzen Sie unsere Website bitte nicht.<\/p><p><b>2. Nutzung der Website<\/b><\/p><p>Sie d\u00fcrfen die JBCV-Website nur f\u00fcr rechtm\u00e4\u00dfige Zwecke nutzen. Sie verpflichten sich, die Website nicht in einer Weise zu nutzen, die die Website besch\u00e4digen, deaktivieren, \u00fcberlasten oder beeintr\u00e4chtigen oder den Zugang anderer Nutzer zur Website st\u00f6ren k\u00f6nnte.<\/p><p><b>3. Geistiges Eigentum<\/b><\/p><p>Der gesamte Inhalt der JBCV-Website, einschlie\u00dflich der Texte, Grafiken, Logos und Bilder, ist Eigentum von JBCV oder seinen Lizenzgebern. Es ist nicht gestattet, diese Inhalte ohne vorherige schriftliche Zustimmung von JBCV zu vervielf\u00e4ltigen, zu verbreiten, zu ver\u00e4ndern oder davon abgeleitete Werke zu erstellen.<\/p><p><b>4. Ausschluss von Garantien<\/b><\/p><p>Die auf der JBCV-Webseite zur Verf\u00fcgung gestellten Informationen dienen ausschlie\u00dflich allgemeinen Informationszwecken und stellen keine Rechtsberatung dar. Wir geben keinerlei ausdr\u00fcckliche oder stillschweigende Zusicherungen oder Gew\u00e4hrleistungen in Bezug auf die Vollst\u00e4ndigkeit, Genauigkeit, Zuverl\u00e4ssigkeit, Eignung oder Verf\u00fcgbarkeit der Website oder der auf der Website enthaltenen Informationen, Produkte, Dienstleistungen oder zugeh\u00f6rigen Grafiken f\u00fcr irgendeinen Zweck. Jedes Vertrauen, das Sie auf diese Informationen setzen, geschieht auf Ihr eigenes Risiko.<\/p><p><b>5. Begrenzung der Haftung<\/b><\/p><p>In keinem Fall haftet JBCV f\u00fcr Sch\u00e4den (einschlie\u00dflich, aber nicht beschr\u00e4nkt auf Sch\u00e4den aus dem Verlust von Daten oder Gewinnen oder aufgrund von Gesch\u00e4ftsunterbrechungen), die aus der Nutzung oder der Unm\u00f6glichkeit der Nutzung der Website entstehen, selbst wenn JBCV auf die M\u00f6glichkeit solcher Sch\u00e4den hingewiesen wurde.<\/p><p><b>6. Geltendes Recht<\/b><\/p><p>Diese Allgemeinen Gesch\u00e4ftsbedingungen unterliegen luxemburgischem Recht und sind nach diesem auszulegen.<\/p><p><b>7. \u00c4nderungen der Bedingungen<\/b><\/p><p>JBCV beh\u00e4lt sich das Recht vor, diese Allgemeinen Gesch\u00e4ftsbedingungen jederzeit zu \u00e4ndern. Alle \u00c4nderungen werden sofort mit der Ver\u00f6ffentlichung der \u00fcberarbeiteten Bedingungen auf der Website wirksam.<\/p><p><b>8. Kontakt<\/b><\/p><p>Wenn Sie Fragen oder Bedenken bez\u00fcglich dieser Allgemeinen Gesch\u00e4ftsbedingungen haben, wenden Sie sich bitte an contact@jbcv.lu oder +352 27 22 55.<\/p>\t\t\t\t\t\t\t\t<\/div>\n\t\t\t\t<\/div>\n\t\t\t\t\t<\/div>\n\t\t\t\t<\/div>\n\t\t\t\t<\/div>","protected":false},"excerpt":{"rendered":"<p>Terms and Conditions JBCV Terms and Conditions 1. Acceptance of Terms By accessing or using any part of the JBCV website, you agree to be bound by these Terms and Conditions. If you do not agree to these terms, please do not use our website. 2. Use of Website You may use the JBCV website [&hellip;]<\/p>\n","protected":false},"author":0,"featured_media":0,"parent":0,"menu_order":0,"comment_status":"closed","ping_status":"publish","template":"","meta":{"two_page_speed":[],"footnotes":""},"class_list":["post-134","page","type-page","status-publish","hentry"],"yoast_head":"<!-- This site is optimized with the Yoast SEO Premium plugin v27.1 (Yoast SEO v27.5) - https:\/\/yoast.com\/product\/yoast-seo-premium-wordpress\/ -->\n<title>Terms and Conditions - JBV &amp; Partners: Legal Expertise for a Changing World<\/title>\n<meta name=\"robots\" content=\"index, follow, max-snippet:-1, max-image-preview:large, max-video-preview:-1\" \/>\n<link rel=\"canonical\" href=\"https:\/\/jbv.lu\/de\/bedingungen-und-konditionen\/\" \/>\n<meta property=\"og:locale\" content=\"de_DE\" \/>\n<meta property=\"og:type\" content=\"article\" \/>\n<meta property=\"og:title\" content=\"Terms and Conditions\" \/>\n<meta property=\"og:description\" content=\"Terms and Conditions JBCV Terms and Conditions 1. Acceptance of Terms By accessing or using any part of the JBCV website, you agree to be bound by these Terms and Conditions. If you do not agree to these terms, please do not use our website. 2. Use of Website You may use the JBCV website [&hellip;]\" \/>\n<meta property=\"og:url\" content=\"https:\/\/jbv.lu\/de\/bedingungen-und-konditionen\/\" \/>\n<meta property=\"og:site_name\" content=\"JBV &amp; Partners: Legal Expertise for a Changing World\" \/>\n<meta property=\"article:modified_time\" content=\"2026-02-25T17:35:01+00:00\" \/>\n<meta name=\"twitter:card\" content=\"summary_large_image\" \/>\n<meta name=\"twitter:label1\" content=\"Gesch\u00e4tzte Lesezeit\" \/>\n\t<meta name=\"twitter:data1\" content=\"3\u00a0Minuten\" \/>\n<script type=\"application\/ld+json\" class=\"yoast-schema-graph\">{\"@context\":\"https:\\\/\\\/schema.org\",\"@graph\":[{\"@type\":\"WebPage\",\"@id\":\"https:\\\/\\\/jbv.lu\\\/terms-and-conditions\\\/\",\"url\":\"https:\\\/\\\/jbv.lu\\\/terms-and-conditions\\\/\",\"name\":\"Terms and Conditions - JBV &amp; Partners: Legal Expertise for a Changing World\",\"isPartOf\":{\"@id\":\"https:\\\/\\\/jbv.lu\\\/#website\"},\"datePublished\":\"2025-06-20T14:48:33+00:00\",\"dateModified\":\"2026-02-25T17:35:01+00:00\",\"breadcrumb\":{\"@id\":\"https:\\\/\\\/jbv.lu\\\/terms-and-conditions\\\/#breadcrumb\"},\"inLanguage\":\"de\",\"potentialAction\":[{\"@type\":\"ReadAction\",\"target\":[\"https:\\\/\\\/jbv.lu\\\/terms-and-conditions\\\/\"]}]},{\"@type\":\"BreadcrumbList\",\"@id\":\"https:\\\/\\\/jbv.lu\\\/terms-and-conditions\\\/#breadcrumb\",\"itemListElement\":[{\"@type\":\"ListItem\",\"position\":1,\"name\":\"Home\",\"item\":\"https:\\\/\\\/jbv.lu\\\/\"},{\"@type\":\"ListItem\",\"position\":2,\"name\":\"Terms and Conditions\"}]},{\"@type\":\"WebSite\",\"@id\":\"https:\\\/\\\/jbv.lu\\\/#website\",\"url\":\"https:\\\/\\\/jbv.lu\\\/\",\"name\":\"JBV & Partners: Legal Expertise for a Changing World\",\"description\":\"Comprehensive Legal Support Across Luxembourg for Businesses and Individuals\",\"publisher\":{\"@id\":\"https:\\\/\\\/jbv.lu\\\/#organization\"},\"alternateName\":\"JBV & Partners \u2013 Trusted Luxembourg Lawyers\",\"potentialAction\":[{\"@type\":\"SearchAction\",\"target\":{\"@type\":\"EntryPoint\",\"urlTemplate\":\"https:\\\/\\\/jbv.lu\\\/?s={search_term_string}\"},\"query-input\":{\"@type\":\"PropertyValueSpecification\",\"valueRequired\":true,\"valueName\":\"search_term_string\"}}],\"inLanguage\":\"de\"},{\"@type\":\"Organization\",\"@id\":\"https:\\\/\\\/jbv.lu\\\/#organization\",\"name\":\"JBV & Partners: Legal Expertise for a Changing World\",\"url\":\"https:\\\/\\\/jbv.lu\\\/\",\"logo\":{\"@type\":\"ImageObject\",\"inLanguage\":\"de\",\"@id\":\"https:\\\/\\\/jbv.lu\\\/#\\\/schema\\\/logo\\\/image\\\/\",\"url\":\"https:\\\/\\\/jbv.lu\\\/wp-content\\\/uploads\\\/2025\\\/06\\\/JBV-partners_logo-final-bleu_arriere-plan-transparent.png\",\"contentUrl\":\"https:\\\/\\\/jbv.lu\\\/wp-content\\\/uploads\\\/2025\\\/06\\\/JBV-partners_logo-final-bleu_arriere-plan-transparent.png\",\"width\":1563,\"height\":1563,\"caption\":\"JBV & Partners: Legal Expertise for a Changing World\"},\"image\":{\"@id\":\"https:\\\/\\\/jbv.lu\\\/#\\\/schema\\\/logo\\\/image\\\/\"},\"sameAs\":[\"https:\\\/\\\/www.linkedin.com\\\/company\\\/108290186\"]}]}<\/script>\n<!-- \/ Yoast SEO Premium plugin. -->","yoast_head_json":{"title":"Allgemeine Gesch\u00e4ftsbedingungen - JBV &amp; Partners: Juristische Expertise f\u00fcr eine Welt im Wandel","robots":{"index":"index","follow":"follow","max-snippet":"max-snippet:-1","max-image-preview":"max-image-preview:large","max-video-preview":"max-video-preview:-1"},"canonical":"https:\/\/jbv.lu\/de\/bedingungen-und-konditionen\/","og_locale":"de_DE","og_type":"article","og_title":"Terms and Conditions","og_description":"Terms and Conditions JBCV Terms and Conditions 1. Acceptance of Terms By accessing or using any part of the JBCV website, you agree to be bound by these Terms and Conditions. If you do not agree to these terms, please do not use our website. 2. Use of Website You may use the JBCV website [&hellip;]","og_url":"https:\/\/jbv.lu\/de\/bedingungen-und-konditionen\/","og_site_name":"JBV &amp; Partners: Legal Expertise for a Changing World","article_modified_time":"2026-02-25T17:35:01+00:00","twitter_card":"summary_large_image","twitter_misc":{"Gesch\u00e4tzte Lesezeit":"3\u00a0Minuten"},"schema":{"@context":"https:\/\/schema.org","@graph":[{"@type":"WebPage","@id":"https:\/\/jbv.lu\/terms-and-conditions\/","url":"https:\/\/jbv.lu\/terms-and-conditions\/","name":"Allgemeine Gesch\u00e4ftsbedingungen - JBV &amp; Partners: Juristische Expertise f\u00fcr eine Welt im Wandel","isPartOf":{"@id":"https:\/\/jbv.lu\/#website"},"datePublished":"2025-06-20T14:48:33+00:00","dateModified":"2026-02-25T17:35:01+00:00","breadcrumb":{"@id":"https:\/\/jbv.lu\/terms-and-conditions\/#breadcrumb"},"inLanguage":"de","potentialAction":[{"@type":"ReadAction","target":["https:\/\/jbv.lu\/terms-and-conditions\/"]}]},{"@type":"BreadcrumbList","@id":"https:\/\/jbv.lu\/terms-and-conditions\/#breadcrumb","itemListElement":[{"@type":"ListItem","position":1,"name":"Home","item":"https:\/\/jbv.lu\/"},{"@type":"ListItem","position":2,"name":"Terms and Conditions"}]},{"@type":"WebSite","@id":"https:\/\/jbv.lu\/#website","url":"https:\/\/jbv.lu\/","name":"JBV &amp; Partner: Juristische Kompetenz f\u00fcr eine Welt im Wandel","description":"Umfassende rechtliche Unterst\u00fctzung in ganz Luxemburg f\u00fcr Unternehmen und Privatpersonen","publisher":{"@id":"https:\/\/jbv.lu\/#organization"},"alternateName":"JBV & Partners \u2013 Trusted Luxembourg Lawyers","potentialAction":[{"@type":"SearchAction","target":{"@type":"EntryPoint","urlTemplate":"https:\/\/jbv.lu\/?s={search_term_string}"},"query-input":{"@type":"PropertyValueSpecification","valueRequired":true,"valueName":"search_term_string"}}],"inLanguage":"de"},{"@type":"Organization","@id":"https:\/\/jbv.lu\/#organization","name":"JBV &amp; Partner: Juristische Kompetenz f\u00fcr eine Welt im Wandel","url":"https:\/\/jbv.lu\/","logo":{"@type":"ImageObject","inLanguage":"de","@id":"https:\/\/jbv.lu\/#\/schema\/logo\/image\/","url":"https:\/\/jbv.lu\/wp-content\/uploads\/2025\/06\/JBV-partners_logo-final-bleu_arriere-plan-transparent.png","contentUrl":"https:\/\/jbv.lu\/wp-content\/uploads\/2025\/06\/JBV-partners_logo-final-bleu_arriere-plan-transparent.png","width":1563,"height":1563,"caption":"JBV & Partners: Legal Expertise for a Changing World"},"image":{"@id":"https:\/\/jbv.lu\/#\/schema\/logo\/image\/"},"sameAs":["https:\/\/www.linkedin.com\/company\/108290186"]}]}},"_links":{"self":[{"href":"https:\/\/jbv.lu\/de\/wp-json\/wp\/v2\/pages\/134","targetHints":{"allow":["GET"]}}],"collection":[{"href":"https:\/\/jbv.lu\/de\/wp-json\/wp\/v2\/pages"}],"about":[{"href":"https:\/\/jbv.lu\/de\/wp-json\/wp\/v2\/types\/page"}],"replies":[{"embeddable":true,"href":"https:\/\/jbv.lu\/de\/wp-json\/wp\/v2\/comments?post=134"}],"version-history":[{"count":0,"href":"https:\/\/jbv.lu\/de\/wp-json\/wp\/v2\/pages\/134\/revisions"}],"wp:attachment":[{"href":"https:\/\/jbv.lu\/de\/wp-json\/wp\/v2\/media?parent=134"}],"curies":[{"name":"wp","href":"https:\/\/api.w.org\/{rel}","templated":true}]}}