{"id":132,"date":"2025-06-20T14:48:33","date_gmt":"2025-06-20T14:48:33","guid":{"rendered":"https:\/\/jbv.lu\/contact\/"},"modified":"2026-02-25T17:33:07","modified_gmt":"2026-02-25T17:33:07","slug":"kontakt","status":"publish","type":"page","link":"https:\/\/jbv.lu\/de\/contact\/","title":{"rendered":"Kontakt"},"content":{"rendered":"\t\t<div data-elementor-type=\"wp-page\" data-elementor-id=\"132\" class=\"elementor elementor-132\" data-elementor-post-type=\"page\">\n\t\t\t\t<div class=\"elementor-element elementor-element-6hw4y7o1 twbb_section e-flex e-con-boxed e-con e-parent\" data-id=\"6hw4y7o1\" data-element_type=\"container\" data-e-type=\"container\" id=\"get-in-touch\">\n\t\t\t\t\t<div class=\"e-con-inner\">\n\t\t<div class=\"elementor-element elementor-element-6vrj4jnf twbb_section e-con-full e-flex e-con e-child\" data-id=\"6vrj4jnf\" data-element_type=\"container\" data-e-type=\"container\" id=\"contact-jbv-partners\">\n\t\t\t\t<div class=\"elementor-element elementor-element-buz3xy1s elementor-widget__width-initial elementor-widget-mobile__width-inherit elementor-widget-tablet__width-initial elementor-invisible elementor-widget elementor-widget-heading\" data-id=\"buz3xy1s\" data-element_type=\"widget\" data-e-type=\"widget\" data-settings=\"{&quot;_animation&quot;:&quot;fadeInUp&quot;}\" data-widget_type=\"heading.default\">\n\t\t\t\t<div class=\"elementor-widget-container\">\n\t\t\t\t\t<h2 class=\"elementor-heading-title elementor-size-default\">Get in Touch<\/h2>\t\t\t\t<\/div>\n\t\t\t\t<\/div>\n\t\t\t\t<div class=\"elementor-element elementor-element-smdxy8cq elementor-widget__width-initial elementor-widget-mobile__width-inherit elementor-widget-tablet__width-initial elementor-invisible elementor-widget elementor-widget-text-editor\" data-id=\"smdxy8cq\" data-element_type=\"widget\" data-e-type=\"widget\" data-settings=\"{&quot;_animation&quot;:&quot;fadeInUp&quot;}\" data-widget_type=\"text-editor.default\">\n\t\t\t\t<div class=\"elementor-widget-container\">\n\t\t\t\t\t\t\t\t\t<p>Reach out to JBCV for expert legal guidance in Luxembourg and beyond.<\/p>\t\t\t\t\t\t\t\t<\/div>\n\t\t\t\t<\/div>\n\t\t\t\t<div class=\"elementor-element elementor-element-enmt7icm elementor-widget__width-initial elementor-widget-mobile__width-inherit elementor-widget-tablet__width-initial elementor-mobile-button-align-stretch elementor-button-align-center elementor-invisible elementor-widget elementor-widget-twbb_form\" data-id=\"enmt7icm\" data-element_type=\"widget\" data-e-type=\"widget\" data-settings=\"{&quot;_animation&quot;:&quot;fadeInUp&quot;,&quot;step_next_label&quot;:&quot;Next&quot;,&quot;step_previous_label&quot;:&quot;Previous&quot;,&quot;button_width&quot;:&quot;100&quot;,&quot;step_type&quot;:&quot;number_text&quot;,&quot;step_icon_shape&quot;:&quot;circle&quot;}\" data-widget_type=\"twbb_form.default\">\n\t\t\t\t<div class=\"elementor-widget-container\">\n\t\t\t\t\t\t\t<form class=\"elementor-form\" method=\"post\" >\n\t\t\t<input type=\"hidden\" name=\"post_id\" value=\"132\"\/>\n\t\t\t<input type=\"hidden\" name=\"form_id\" value=\"enmt7icm\"\/>\n\t\t\t<input type=\"hidden\" name=\"referer_title\" value=\"JBV &amp; Partners: Legal Expertise for a Changing World\" \/>\n\n\t\t\t\n\t\t\t<div class=\"elementor-form-fields-wrapper elementor-labels-above\">\n\t\t\t\t\t\t\t\t<div class=\"elementor-field-type-text elementor-field-group elementor-column elementor-field-group-name elementor-col-100 elementor-field-required\">\n\t\t\t\t\t\t\t\t\t\t\t\t<label for=\"form-field-name\" class=\"elementor-field-label\">\n\t\t\t\t\t\t\t\tName\t\t\t\t\t\t\t<\/label>\n\t\t\t\t\t\t\t\t\t\t\t\t\t\t<input size=\"1\" type=\"text\" name=\"form_fields[name]\" id=\"form-field-name\" class=\"elementor-field elementor-size-sm  elementor-field-textual\" placeholder=\"Enter your name\" required=\"required\" aria-required=\"true\">\n\t\t\t\t\t\t\t\t\t\t\t<\/div>\n\t\t\t\t\t\t\t\t<div class=\"elementor-field-type-email elementor-field-group elementor-column elementor-field-group-email elementor-col-100 elementor-field-required\">\n\t\t\t\t\t\t\t\t\t\t\t\t<label for=\"form-field-email\" class=\"elementor-field-label\">\n\t\t\t\t\t\t\t\tEmail\t\t\t\t\t\t\t<\/label>\n\t\t\t\t\t\t\t\t\t\t\t\t\t\t<input size=\"1\" type=\"email\" name=\"form_fields[email]\" id=\"form-field-email\" class=\"elementor-field elementor-size-sm  elementor-field-textual\" placeholder=\"Enter your email\" required=\"required\" aria-required=\"true\">\n\t\t\t\t\t\t\t\t\t\t\t<\/div>\n\t\t\t\t\t\t\t\t<div class=\"elementor-field-type-textarea elementor-field-group elementor-column elementor-field-group-message elementor-col-100 elementor-field-required\">\n\t\t\t\t\t\t\t\t\t\t\t\t<label for=\"form-field-message\" class=\"elementor-field-label\">\n\t\t\t\t\t\t\t\tMessage\t\t\t\t\t\t\t<\/label>\n\t\t\t\t\t\t<textarea class=\"elementor-field-textual elementor-field  elementor-size-sm\" name=\"form_fields[message]\" id=\"form-field-message\" rows=\"4\" placeholder=\"Type your message\" required=\"required\" aria-required=\"true\"><\/textarea>\t\t\t\t<\/div>\n\t\t\t\t\t\t\t\t<div class=\"elementor-field-type-acceptance elementor-field-group elementor-column elementor-field-group-acceptance elementor-col-100 elementor-field-required\">\n\t\t\t\t\t\t\t<div class=\"elementor-field-subgroup\">\n\t\t\t<span class=\"elementor-field-option\">\n\t\t\t\t<input type=\"checkbox\" name=\"form_fields[acceptance]\" id=\"form-field-acceptance\" class=\"elementor-field elementor-size-sm  elementor-acceptance-field\" required=\"required\" aria-required=\"true\">\n\t\t\t\t<label for=\"form-field-acceptance\">I accept the Terms<\/label>\t\t\t<\/span>\n\t\t<\/div>\n\t\t\t\t\t\t<\/div>\n\t\t\t\t\t\t\t\t<div class=\"elementor-field-group elementor-column elementor-field-type-submit elementor-col-100 e-form__buttons\">\n\t\t\t\t\t<button type=\"submit\" class=\"elementor-button\">\n\t\t\t\t\t\t<span >\n\t\t\t\t\t\t\t\t\t\t\t\t\t\t\t<span class=\" elementor-button-icon\">\n\t\t\t\t\t\t\t\t\t\t\t\t\t\t\t\t\t\t\t\t\t\t\t\t\t\t<\/span>\n\t\t\t\t\t\t\t\t\t\t\t\t\t\t\t\t\t\t\t\t\t\t<span class=\"elementor-button-text\">Submit<\/span>\n\t\t\t\t\t\t\t\t\t\t\t\t\t<\/span>\n\t\t\t\t\t<\/button>\n          <button type=\"reset\" class=\"elementor-button elementor-hidden\">\n\t\t\t\t\t\t<span >\n\t\t\t\t\t\t\t              \t\t\t\t\t\t<\/span>\n          <\/button>\n\t\t\t\t<\/div>\n            \t\t\t<\/div>\n\t\t<\/form>\n\t\t\t\t\t\t<\/div>\n\t\t\t\t<\/div>\n\t\t\t\t<\/div>\n\t\t<div class=\"elementor-element elementor-element-x1cb5p5x e-con-full e-flex e-con e-child\" data-id=\"x1cb5p5x\" data-element_type=\"container\" data-e-type=\"container\">\n\t\t\t\t<div class=\"elementor-element elementor-element-y21xqyxx elementor-widget__width-initial elementor-widget-mobile__width-inherit elementor-widget-tablet__width-initial elementor-invisible elementor-widget elementor-widget-heading\" data-id=\"y21xqyxx\" data-element_type=\"widget\" data-e-type=\"widget\" data-settings=\"{&quot;_animation&quot;:&quot;fadeInUp&quot;}\" data-widget_type=\"heading.default\">\n\t\t\t\t<div class=\"elementor-widget-container\">\n\t\t\t\t\t<h2 class=\"elementor-heading-title elementor-size-default\">Contact JBCV<\/h2>\t\t\t\t<\/div>\n\t\t\t\t<\/div>\n\t\t\t\t<div class=\"elementor-element elementor-element-gfsy3kju elementor-widget__width-initial elementor-widget-mobile__width-inherit elementor-widget-tablet__width-initial elementor-invisible elementor-widget elementor-widget-text-editor\" data-id=\"gfsy3kju\" data-element_type=\"widget\" data-e-type=\"widget\" data-settings=\"{&quot;_animation&quot;:&quot;fadeInUp&quot;}\" data-widget_type=\"text-editor.default\">\n\t\t\t\t<div class=\"elementor-widget-container\">\n\t\t\t\t\t\t\t\t\t<p>Reach out to our legal experts for personalized advice and support in your legal matters.<\/p>\t\t\t\t\t\t\t\t<\/div>\n\t\t\t\t<\/div>\n\t\t\t\t<\/div>\n\t\t<div class=\"elementor-element elementor-element-9fm9j6q7 e-con-full e-flex e-con e-child\" data-id=\"9fm9j6q7\" data-element_type=\"container\" data-e-type=\"container\">\n\t\t\t\t<div class=\"elementor-element elementor-element-armb9cd9 elementor-widget__width-initial elementor-widget-mobile__width-inherit elementor-widget-tablet__width-initial elementor-view-default elementor-position-block-start elementor-mobile-position-block-start elementor-widget elementor-widget-icon-box\" data-id=\"armb9cd9\" data-element_type=\"widget\" data-e-type=\"widget\" data-widget_type=\"icon-box.default\">\n\t\t\t\t<div class=\"elementor-widget-container\">\n\t\t\t\t\t\t\t<div class=\"elementor-icon-box-wrapper\">\n\n\t\t\t\t\t\t<div class=\"elementor-icon-box-icon\">\n\t\t\t\t<span  class=\"elementor-icon\">\n\t\t\t\t<svg aria-hidden=\"true\" class=\"e-font-icon-svg e-far-envelope\" viewBox=\"0 0 512 512\" xmlns=\"http:\/\/www.w3.org\/2000\/svg\"><path d=\"M464 64H48C21.49 64 0 85.49 0 112v288c0 26.51 21.49 48 48 48h416c26.51 0 48-21.49 48-48V112c0-26.51-21.49-48-48-48zm0 48v40.805c-22.422 18.259-58.168 46.651-134.587 106.49-16.841 13.247-50.201 45.072-73.413 44.701-23.208.375-56.579-31.459-73.413-44.701C106.18 199.465 70.425 171.067 48 152.805V112h416zM48 400V214.398c22.914 18.251 55.409 43.862 104.938 82.646 21.857 17.205 60.134 55.186 103.062 54.955 42.717.231 80.509-37.199 103.053-54.947 49.528-38.783 82.032-64.401 104.947-82.653V400H48z\"><\/path><\/svg>\t\t\t\t<\/span>\n\t\t\t<\/div>\n\t\t\t\n\t\t\t\t\t\t<div class=\"elementor-icon-box-content\">\n\n\t\t\t\t\t\t\t\t\t<h4 class=\"elementor-icon-box-title\">\n\t\t\t\t\t\t<span  >\n\t\t\t\t\t\t\tEmail Us\t\t\t\t\t\t<\/span>\n\t\t\t\t\t<\/h4>\n\t\t\t\t\n\t\t\t\t\t\t\t\t\t<p class=\"elementor-icon-box-description\">\n\t\t\t\t\t\tSend us an email at <a href='mailto:contact@jbcv.lu'>contact@jbv.lu<\/a> for inquiries or consultations. We aim to respond promptly to all requests.\t\t\t\t\t<\/p>\n\t\t\t\t\n\t\t\t<\/div>\n\t\t\t\n\t\t<\/div>\n\t\t\t\t\t\t<\/div>\n\t\t\t\t<\/div>\n\t\t\t\t<div class=\"elementor-element elementor-element-vuh0xd4r elementor-widget__width-initial elementor-widget-mobile__width-inherit elementor-widget-tablet__width-initial elementor-view-default elementor-position-block-start elementor-mobile-position-block-start elementor-widget elementor-widget-icon-box\" data-id=\"vuh0xd4r\" data-element_type=\"widget\" data-e-type=\"widget\" data-widget_type=\"icon-box.default\">\n\t\t\t\t<div class=\"elementor-widget-container\">\n\t\t\t\t\t\t\t<div class=\"elementor-icon-box-wrapper\">\n\n\t\t\t\t\t\t<div class=\"elementor-icon-box-icon\">\n\t\t\t\t<span  class=\"elementor-icon\">\n\t\t\t\t<svg aria-hidden=\"true\" class=\"e-font-icon-svg e-fas-phone-alt\" viewBox=\"0 0 512 512\" xmlns=\"http:\/\/www.w3.org\/2000\/svg\"><path d=\"M497.39 361.8l-112-48a24 24 0 0 0-28 6.9l-49.6 60.6A370.66 370.66 0 0 1 130.6 204.11l60.6-49.6a23.94 23.94 0 0 0 6.9-28l-48-112A24.16 24.16 0 0 0 122.6.61l-104 24A24 24 0 0 0 0 48c0 256.5 207.9 464 464 464a24 24 0 0 0 23.4-18.6l24-104a24.29 24.29 0 0 0-14.01-27.6z\"><\/path><\/svg>\t\t\t\t<\/span>\n\t\t\t<\/div>\n\t\t\t\n\t\t\t\t\t\t<div class=\"elementor-icon-box-content\">\n\n\t\t\t\t\t\t\t\t\t<h4 class=\"elementor-icon-box-title\">\n\t\t\t\t\t\t<span  >\n\t\t\t\t\t\t\tCall Us\t\t\t\t\t\t<\/span>\n\t\t\t\t\t<\/h4>\n\t\t\t\t\n\t\t\t\t\t\t\t\t\t<p class=\"elementor-icon-box-description\">\n\t\t\t\t\t\tCall our office at <a href='tel:+352272255'>+352 27 22 55<\/a> to speak directly with our legal team during business hours.\t\t\t\t\t<\/p>\n\t\t\t\t\n\t\t\t<\/div>\n\t\t\t\n\t\t<\/div>\n\t\t\t\t\t\t<\/div>\n\t\t\t\t<\/div>\n\t\t\t\t<div class=\"elementor-element elementor-element-eenjdu13 elementor-widget__width-initial elementor-widget-mobile__width-inherit elementor-widget-tablet__width-initial elementor-view-default elementor-position-block-start elementor-mobile-position-block-start elementor-widget elementor-widget-icon-box\" data-id=\"eenjdu13\" data-element_type=\"widget\" data-e-type=\"widget\" data-widget_type=\"icon-box.default\">\n\t\t\t\t<div class=\"elementor-widget-container\">\n\t\t\t\t\t\t\t<div class=\"elementor-icon-box-wrapper\">\n\n\t\t\t\t\t\t<div class=\"elementor-icon-box-icon\">\n\t\t\t\t<span  class=\"elementor-icon\">\n\t\t\t\t<svg aria-hidden=\"true\" class=\"e-font-icon-svg e-fas-map-marker-alt\" viewBox=\"0 0 384 512\" xmlns=\"http:\/\/www.w3.org\/2000\/svg\"><path d=\"M172.268 501.67C26.97 291.031 0 269.413 0 192 0 85.961 85.961 0 192 0s192 85.961 192 192c0 77.413-26.97 99.031-172.268 309.67-9.535 13.774-29.93 13.773-39.464 0zM192 272c44.183 0 80-35.817 80-80s-35.817-80-80-80-80 35.817-80 80 35.817 80 80 80z\"><\/path><\/svg>\t\t\t\t<\/span>\n\t\t\t<\/div>\n\t\t\t\n\t\t\t\t\t\t<div class=\"elementor-icon-box-content\">\n\n\t\t\t\t\t\t\t\t\t<h4 class=\"elementor-icon-box-title\">\n\t\t\t\t\t\t<span  >\n\t\t\t\t\t\t\tVisit Us\t\t\t\t\t\t<\/span>\n\t\t\t\t\t<\/h4>\n\t\t\t\t\n\t\t\t\t\t\t\t\t\t<p class=\"elementor-icon-box-description\">\n\t\t\t\t\t\tOur office is located at 9, rue Large, L-1917 Luxembourg. <a href='https:\/\/www.google.com\/maps\/place\/9+Rue+Large,+1917+Ville-Haute+Luxembourg\/@49.610398,6.13167,1105m\/data=!3m2!1e3!4b1!4m6!3m5!1s0x479548d2b3a5d455:0x731b70f3ea1ebd71!8m2!3d49.6103946!4d6.1342449!16s%2Fg%2F11q2vwmvpm?entry=ttu&amp;g_ep=EgoyMDI1MDYxNy4wIKXMDSoASAFQAw%3D%3D' target='_blank'>View on Google Maps<\/a> for directions.\t\t\t\t\t<\/p>\n\t\t\t\t\n\t\t\t<\/div>\n\t\t\t\n\t\t<\/div>\n\t\t\t\t\t\t<\/div>\n\t\t\t\t<\/div>\n\t\t\t\t<\/div>\n\t\t\t\t\t<\/div>\n\t\t\t\t<\/div>\n\t\t<div class=\"elementor-element elementor-element-3b6f856d twbb_section e-flex e-con-boxed e-con e-parent\" data-id=\"3b6f856d\" data-element_type=\"container\" data-e-type=\"container\">\n\t\t\t\t\t<div class=\"e-con-inner\">\n\t\t<div class=\"elementor-element elementor-element-4b18af0 e-con-full e-flex e-con e-child\" data-id=\"4b18af0\" data-element_type=\"container\" data-e-type=\"container\">\n\t\t\t\t<div class=\"elementor-element elementor-element-7ff28be7 elementor-widget__width-initial elementor-widget-mobile__width-inherit elementor-widget-tablet__width-initial elementor-invisible elementor-widget elementor-widget-heading\" data-id=\"7ff28be7\" data-element_type=\"widget\" data-e-type=\"widget\" data-settings=\"{&quot;_animation&quot;:&quot;fadeInUp&quot;}\" data-widget_type=\"heading.default\">\n\t\t\t\t<div class=\"elementor-widget-container\">\n\t\t\t\t\t<h2 class=\"elementor-heading-title elementor-size-default\">Opening Hours<\/h2>\t\t\t\t<\/div>\n\t\t\t\t<\/div>\n\t\t\t\t<div class=\"elementor-element elementor-element-4fe8efe8 elementor-widget__width-initial elementor-widget-mobile__width-inherit elementor-widget-tablet__width-initial elementor-invisible elementor-widget elementor-widget-text-editor\" data-id=\"4fe8efe8\" data-element_type=\"widget\" data-e-type=\"widget\" data-settings=\"{&quot;_animation&quot;:&quot;fadeInUp&quot;}\" data-widget_type=\"text-editor.default\">\n\t\t\t\t<div class=\"elementor-widget-container\">\n\t\t\t\t\t\t\t\t\t<p><b>Monday &#8211; Friday:<\/b><\/p><p>8:30 AM &#8211; 6:00 PM via appointment<\/p>\t\t\t\t\t\t\t\t<\/div>\n\t\t\t\t<\/div>\n\t\t\t\t<\/div>\n\t\t<div class=\"elementor-element elementor-element-49d497c7 e-con-full e-flex e-con e-child\" data-id=\"49d497c7\" data-element_type=\"container\" data-e-type=\"container\">\n\t\t\t\t<div class=\"elementor-element elementor-element-608ea9db elementor-widget__width-initial elementor-widget-mobile__width-inherit elementor-widget-tablet__width-initial elementor-widget elementor-widget-image\" data-id=\"608ea9db\" data-element_type=\"widget\" data-e-type=\"widget\" data-widget_type=\"image.default\">\n\t\t\t\t<div class=\"elementor-widget-container\">\n\t\t\t\t\t\t\t\t\t\t\t\t\t\t\t<img decoding=\"async\" src=\"https:\/\/ai20-templates-prod.s3.amazonaws.com\/M3Ik244AQ5pyNPmcysk8MYuU5cX7ilKg\/tenweb_media_swo2epgoe.webp\" title=\"\" alt=\"A modern law firm office with large windows and a minimalist design. The office is bright and airy, with a view of the city skyline.\" loading=\"lazy\" \/>\t\t\t\t\t\t\t\t\t\t\t\t\t\t\t<\/div>\n\t\t\t\t<\/div>\n\t\t\t\t<\/div>\n\t\t\t\t\t<\/div>\n\t\t\t\t<\/div>\n\t\t\t\t<\/div>\n\t\t","protected":false},"excerpt":{"rendered":"<p>Get in Touch Reach out to JBCV for expert legal guidance in Luxembourg and beyond. Contact JBCV Reach out to our legal experts for personalized advice and support in your legal matters. Email Us Send us an email at contact@jbv.lu for inquiries or consultations. We aim to respond promptly to all requests. Call Us Call [&hellip;]<\/p>\n","protected":false},"author":0,"featured_media":0,"parent":0,"menu_order":0,"comment_status":"closed","ping_status":"publish","template":"","meta":{"two_page_speed":[],"footnotes":""},"class_list":["post-132","page","type-page","status-publish","hentry"],"yoast_head":"<!-- This site is optimized with the Yoast SEO Premium plugin v27.1 (Yoast SEO v27.5) - https:\/\/yoast.com\/product\/yoast-seo-premium-wordpress\/ -->\n<title>Contact - JBV &amp; Partners: Legal Expertise for a Changing World<\/title>\n<meta name=\"robots\" content=\"index, follow, max-snippet:-1, max-image-preview:large, max-video-preview:-1\" \/>\n<link rel=\"canonical\" href=\"https:\/\/jbv.lu\/de\/kontakt\/\" \/>\n<meta property=\"og:locale\" content=\"de_DE\" \/>\n<meta property=\"og:type\" content=\"article\" \/>\n<meta property=\"og:title\" content=\"Contact\" \/>\n<meta property=\"og:description\" content=\"Get in Touch Reach out to JBCV for expert legal guidance in Luxembourg and beyond. Contact JBCV Reach out to our legal experts for personalized advice and support in your legal matters. Email Us Send us an email at contact@jbv.lu for inquiries or consultations. We aim to respond promptly to all requests. Call Us Call [&hellip;]\" \/>\n<meta property=\"og:url\" content=\"https:\/\/jbv.lu\/de\/kontakt\/\" \/>\n<meta property=\"og:site_name\" content=\"JBV &amp; Partners: Legal Expertise for a Changing World\" \/>\n<meta property=\"article:modified_time\" content=\"2026-02-25T17:33:07+00:00\" \/>\n<meta property=\"og:image\" content=\"https:\/\/ai20-templates-prod.s3.amazonaws.com\/M3Ik244AQ5pyNPmcysk8MYuU5cX7ilKg\/tenweb_media_swo2epgoe.webp\" \/>\n<meta name=\"twitter:card\" content=\"summary_large_image\" \/>\n<meta name=\"twitter:label1\" content=\"Gesch\u00e4tzte Lesezeit\" \/>\n\t<meta name=\"twitter:data1\" content=\"10\u00a0Minuten\" \/>\n<script type=\"application\/ld+json\" class=\"yoast-schema-graph\">{\"@context\":\"https:\\\/\\\/schema.org\",\"@graph\":[{\"@type\":\"WebPage\",\"@id\":\"https:\\\/\\\/jbv.lu\\\/contact\\\/\",\"url\":\"https:\\\/\\\/jbv.lu\\\/contact\\\/\",\"name\":\"Contact - JBV &amp; Partners: Legal Expertise for a Changing World\",\"isPartOf\":{\"@id\":\"https:\\\/\\\/jbv.lu\\\/#website\"},\"primaryImageOfPage\":{\"@id\":\"https:\\\/\\\/jbv.lu\\\/contact\\\/#primaryimage\"},\"image\":{\"@id\":\"https:\\\/\\\/jbv.lu\\\/contact\\\/#primaryimage\"},\"thumbnailUrl\":\"https:\\\/\\\/ai20-templates-prod.s3.amazonaws.com\\\/M3Ik244AQ5pyNPmcysk8MYuU5cX7ilKg\\\/tenweb_media_swo2epgoe.webp\",\"datePublished\":\"2025-06-20T14:48:33+00:00\",\"dateModified\":\"2026-02-25T17:33:07+00:00\",\"breadcrumb\":{\"@id\":\"https:\\\/\\\/jbv.lu\\\/contact\\\/#breadcrumb\"},\"inLanguage\":\"de\",\"potentialAction\":[{\"@type\":\"ReadAction\",\"target\":[\"https:\\\/\\\/jbv.lu\\\/contact\\\/\"]}]},{\"@type\":\"ImageObject\",\"inLanguage\":\"de\",\"@id\":\"https:\\\/\\\/jbv.lu\\\/contact\\\/#primaryimage\",\"url\":\"https:\\\/\\\/ai20-templates-prod.s3.amazonaws.com\\\/M3Ik244AQ5pyNPmcysk8MYuU5cX7ilKg\\\/tenweb_media_swo2epgoe.webp\",\"contentUrl\":\"https:\\\/\\\/ai20-templates-prod.s3.amazonaws.com\\\/M3Ik244AQ5pyNPmcysk8MYuU5cX7ilKg\\\/tenweb_media_swo2epgoe.webp\"},{\"@type\":\"BreadcrumbList\",\"@id\":\"https:\\\/\\\/jbv.lu\\\/contact\\\/#breadcrumb\",\"itemListElement\":[{\"@type\":\"ListItem\",\"position\":1,\"name\":\"Home\",\"item\":\"https:\\\/\\\/jbv.lu\\\/\"},{\"@type\":\"ListItem\",\"position\":2,\"name\":\"Contact\"}]},{\"@type\":\"WebSite\",\"@id\":\"https:\\\/\\\/jbv.lu\\\/#website\",\"url\":\"https:\\\/\\\/jbv.lu\\\/\",\"name\":\"JBV & Partners: Legal Expertise for a Changing World\",\"description\":\"Comprehensive Legal Support Across Luxembourg for Businesses and Individuals\",\"publisher\":{\"@id\":\"https:\\\/\\\/jbv.lu\\\/#organization\"},\"alternateName\":\"JBV & Partners \u2013 Trusted Luxembourg Lawyers\",\"potentialAction\":[{\"@type\":\"SearchAction\",\"target\":{\"@type\":\"EntryPoint\",\"urlTemplate\":\"https:\\\/\\\/jbv.lu\\\/?s={search_term_string}\"},\"query-input\":{\"@type\":\"PropertyValueSpecification\",\"valueRequired\":true,\"valueName\":\"search_term_string\"}}],\"inLanguage\":\"de\"},{\"@type\":\"Organization\",\"@id\":\"https:\\\/\\\/jbv.lu\\\/#organization\",\"name\":\"JBV & Partners: Legal Expertise for a Changing World\",\"url\":\"https:\\\/\\\/jbv.lu\\\/\",\"logo\":{\"@type\":\"ImageObject\",\"inLanguage\":\"de\",\"@id\":\"https:\\\/\\\/jbv.lu\\\/#\\\/schema\\\/logo\\\/image\\\/\",\"url\":\"https:\\\/\\\/jbv.lu\\\/wp-content\\\/uploads\\\/2025\\\/06\\\/JBV-partners_logo-final-bleu_arriere-plan-transparent.png\",\"contentUrl\":\"https:\\\/\\\/jbv.lu\\\/wp-content\\\/uploads\\\/2025\\\/06\\\/JBV-partners_logo-final-bleu_arriere-plan-transparent.png\",\"width\":1563,\"height\":1563,\"caption\":\"JBV & Partners: Legal Expertise for a Changing World\"},\"image\":{\"@id\":\"https:\\\/\\\/jbv.lu\\\/#\\\/schema\\\/logo\\\/image\\\/\"},\"sameAs\":[\"https:\\\/\\\/www.linkedin.com\\\/company\\\/108290186\"]}]}<\/script>\n<!-- \/ Yoast SEO Premium plugin. -->","yoast_head_json":{"title":"Kontakt - JBV &amp; Partner: Juristische Kompetenz f\u00fcr eine Welt im Wandel","robots":{"index":"index","follow":"follow","max-snippet":"max-snippet:-1","max-image-preview":"max-image-preview:large","max-video-preview":"max-video-preview:-1"},"canonical":"https:\/\/jbv.lu\/de\/kontakt\/","og_locale":"de_DE","og_type":"article","og_title":"Contact","og_description":"Get in Touch Reach out to JBCV for expert legal guidance in Luxembourg and beyond. Contact JBCV Reach out to our legal experts for personalized advice and support in your legal matters. Email Us Send us an email at contact@jbv.lu for inquiries or consultations. We aim to respond promptly to all requests. Call Us Call [&hellip;]","og_url":"https:\/\/jbv.lu\/de\/kontakt\/","og_site_name":"JBV &amp; Partners: Legal Expertise for a Changing World","article_modified_time":"2026-02-25T17:33:07+00:00","og_image":[{"url":"https:\/\/ai20-templates-prod.s3.amazonaws.com\/M3Ik244AQ5pyNPmcysk8MYuU5cX7ilKg\/tenweb_media_swo2epgoe.webp","type":"","width":"","height":""}],"twitter_card":"summary_large_image","twitter_misc":{"Gesch\u00e4tzte Lesezeit":"10\u00a0Minuten"},"schema":{"@context":"https:\/\/schema.org","@graph":[{"@type":"WebPage","@id":"https:\/\/jbv.lu\/contact\/","url":"https:\/\/jbv.lu\/contact\/","name":"Kontakt - JBV &amp; Partner: Juristische Kompetenz f\u00fcr eine Welt im Wandel","isPartOf":{"@id":"https:\/\/jbv.lu\/#website"},"primaryImageOfPage":{"@id":"https:\/\/jbv.lu\/contact\/#primaryimage"},"image":{"@id":"https:\/\/jbv.lu\/contact\/#primaryimage"},"thumbnailUrl":"https:\/\/ai20-templates-prod.s3.amazonaws.com\/M3Ik244AQ5pyNPmcysk8MYuU5cX7ilKg\/tenweb_media_swo2epgoe.webp","datePublished":"2025-06-20T14:48:33+00:00","dateModified":"2026-02-25T17:33:07+00:00","breadcrumb":{"@id":"https:\/\/jbv.lu\/contact\/#breadcrumb"},"inLanguage":"de","potentialAction":[{"@type":"ReadAction","target":["https:\/\/jbv.lu\/contact\/"]}]},{"@type":"ImageObject","inLanguage":"de","@id":"https:\/\/jbv.lu\/contact\/#primaryimage","url":"https:\/\/ai20-templates-prod.s3.amazonaws.com\/M3Ik244AQ5pyNPmcysk8MYuU5cX7ilKg\/tenweb_media_swo2epgoe.webp","contentUrl":"https:\/\/ai20-templates-prod.s3.amazonaws.com\/M3Ik244AQ5pyNPmcysk8MYuU5cX7ilKg\/tenweb_media_swo2epgoe.webp"},{"@type":"BreadcrumbList","@id":"https:\/\/jbv.lu\/contact\/#breadcrumb","itemListElement":[{"@type":"ListItem","position":1,"name":"Home","item":"https:\/\/jbv.lu\/"},{"@type":"ListItem","position":2,"name":"Contact"}]},{"@type":"WebSite","@id":"https:\/\/jbv.lu\/#website","url":"https:\/\/jbv.lu\/","name":"JBV &amp; Partner: Juristische Kompetenz f\u00fcr eine Welt im Wandel","description":"Umfassende rechtliche Unterst\u00fctzung in ganz Luxemburg f\u00fcr Unternehmen und Privatpersonen","publisher":{"@id":"https:\/\/jbv.lu\/#organization"},"alternateName":"JBV & Partners \u2013 Trusted Luxembourg Lawyers","potentialAction":[{"@type":"SearchAction","target":{"@type":"EntryPoint","urlTemplate":"https:\/\/jbv.lu\/?s={search_term_string}"},"query-input":{"@type":"PropertyValueSpecification","valueRequired":true,"valueName":"search_term_string"}}],"inLanguage":"de"},{"@type":"Organization","@id":"https:\/\/jbv.lu\/#organization","name":"JBV &amp; Partner: Juristische Kompetenz f\u00fcr eine Welt im Wandel","url":"https:\/\/jbv.lu\/","logo":{"@type":"ImageObject","inLanguage":"de","@id":"https:\/\/jbv.lu\/#\/schema\/logo\/image\/","url":"https:\/\/jbv.lu\/wp-content\/uploads\/2025\/06\/JBV-partners_logo-final-bleu_arriere-plan-transparent.png","contentUrl":"https:\/\/jbv.lu\/wp-content\/uploads\/2025\/06\/JBV-partners_logo-final-bleu_arriere-plan-transparent.png","width":1563,"height":1563,"caption":"JBV & Partners: Legal Expertise for a Changing World"},"image":{"@id":"https:\/\/jbv.lu\/#\/schema\/logo\/image\/"},"sameAs":["https:\/\/www.linkedin.com\/company\/108290186"]}]}},"_links":{"self":[{"href":"https:\/\/jbv.lu\/de\/wp-json\/wp\/v2\/pages\/132","targetHints":{"allow":["GET"]}}],"collection":[{"href":"https:\/\/jbv.lu\/de\/wp-json\/wp\/v2\/pages"}],"about":[{"href":"https:\/\/jbv.lu\/de\/wp-json\/wp\/v2\/types\/page"}],"replies":[{"embeddable":true,"href":"https:\/\/jbv.lu\/de\/wp-json\/wp\/v2\/comments?post=132"}],"version-history":[{"count":0,"href":"https:\/\/jbv.lu\/de\/wp-json\/wp\/v2\/pages\/132\/revisions"}],"wp:attachment":[{"href":"https:\/\/jbv.lu\/de\/wp-json\/wp\/v2\/media?parent=132"}],"curies":[{"name":"wp","href":"https:\/\/api.w.org\/{rel}","templated":true}]}}